{"id":66,"date":"2022-01-14T05:41:50","date_gmt":"2022-01-14T05:41:50","guid":{"rendered":"https:\/\/news.vibia.com\/plusminus\/?page_id=66"},"modified":"2022-03-25T15:03:57","modified_gmt":"2022-03-25T15:03:57","slug":"deu","status":"publish","type":"page","link":"https:\/\/news.vibia.com\/plusminus\/de\/int\/","title":{"rendered":"Home"},"content":{"rendered":"","protected":false},"excerpt":{"rendered":"","protected":false},"author":4,"featured_media":0,"parent":0,"menu_order":0,"comment_status":"closed","ping_status":"closed","template":"templates\/template_home_deu.php","meta":{"inline_featured_image":false,"footnotes":""},"class_list":["post-66","page","type-page","status-publish","hentry"],"yoast_head":"<!-- This site is optimized with the Yoast SEO plugin v20.2 - https:\/\/yoast.com\/wordpress\/plugins\/seo\/ -->\n<title>Vibia | Plusminus<\/title>\n<meta name=\"description\" content=\"Plusminus ist sowohl essentiell als auch avantgardistisch. Es ist ein vielseitiges Beleuchtungssystem, dessen leitf\u00e4higes Textilband die freie Anbringung diverser Leuchten sowie die intuitive Gestaltung einzigartiger Beleuchtungsl\u00f6sungen erm\u00f6glicht.\" \/>\n<meta name=\"robots\" content=\"index, follow, max-snippet:-1, max-image-preview:large, max-video-preview:-1\" \/>\n<link rel=\"canonical\" href=\"https:\/\/news.vibia.com\/plusminus\/de\/int\/\" \/>\n<meta property=\"og:locale\" content=\"es_ES\" \/>\n<meta property=\"og:type\" content=\"article\" \/>\n<meta property=\"og:title\" content=\"Vibia | Plusminus\" \/>\n<meta property=\"og:description\" content=\"Plusminus ist sowohl essentiell als auch avantgardistisch. Es ist ein vielseitiges Beleuchtungssystem, dessen leitf\u00e4higes Textilband die freie Anbringung diverser Leuchten sowie die intuitive Gestaltung einzigartiger Beleuchtungsl\u00f6sungen erm\u00f6glicht.\" \/>\n<meta property=\"og:url\" content=\"https:\/\/news.vibia.com\/plusminus\/de\/int\/\" \/>\n<meta property=\"og:site_name\" content=\"Vibia | Plusminus\" \/>\n<meta property=\"article:publisher\" content=\"https:\/\/www.facebook.com\/vibia.light\" \/>\n<meta property=\"article:modified_time\" content=\"2022-03-25T15:03:57+00:00\" \/>\n<meta name=\"twitter:card\" content=\"summary_large_image\" \/>\n<meta name=\"twitter:site\" content=\"@vibialight\" \/>\n<script type=\"application\/ld+json\" class=\"yoast-schema-graph\">{\"@context\":\"https:\/\/schema.org\",\"@graph\":[{\"@type\":\"WebPage\",\"@id\":\"https:\/\/news.vibia.com\/plusminus\/de\/int\/\",\"url\":\"https:\/\/news.vibia.com\/plusminus\/de\/int\/\",\"name\":\"Vibia | Plusminus\",\"isPartOf\":{\"@id\":\"https:\/\/news.vibia.com\/plusminus\/#website\"},\"datePublished\":\"2022-01-14T05:41:50+00:00\",\"dateModified\":\"2022-03-25T15:03:57+00:00\",\"description\":\"Plusminus ist sowohl essentiell als auch avantgardistisch. Es ist ein vielseitiges Beleuchtungssystem, dessen leitf\u00e4higes Textilband die freie Anbringung diverser Leuchten sowie die intuitive Gestaltung einzigartiger Beleuchtungsl\u00f6sungen erm\u00f6glicht.\",\"breadcrumb\":{\"@id\":\"https:\/\/news.vibia.com\/plusminus\/de\/int\/#breadcrumb\"},\"inLanguage\":\"es\",\"potentialAction\":[{\"@type\":\"ReadAction\",\"target\":[\"https:\/\/news.vibia.com\/plusminus\/de\/int\/\"]}]},{\"@type\":\"BreadcrumbList\",\"@id\":\"https:\/\/news.vibia.com\/plusminus\/de\/int\/#breadcrumb\",\"itemListElement\":[{\"@type\":\"ListItem\",\"position\":1,\"name\":\"Portada\",\"item\":\"https:\/\/news.vibia.com\/plusminus\/\"},{\"@type\":\"ListItem\",\"position\":2,\"name\":\"Home\"}]},{\"@type\":\"WebSite\",\"@id\":\"https:\/\/news.vibia.com\/plusminus\/#website\",\"url\":\"https:\/\/news.vibia.com\/plusminus\/\",\"name\":\"Vibia | Plusminus\",\"description\":\"Design Beyond Light\",\"publisher\":{\"@id\":\"https:\/\/news.vibia.com\/plusminus\/#organization\"},\"potentialAction\":[{\"@type\":\"SearchAction\",\"target\":{\"@type\":\"EntryPoint\",\"urlTemplate\":\"https:\/\/news.vibia.com\/plusminus\/?s={search_term_string}\"},\"query-input\":\"required name=search_term_string\"}],\"inLanguage\":\"es\"},{\"@type\":\"Organization\",\"@id\":\"https:\/\/news.vibia.com\/plusminus\/#organization\",\"name\":\"Vibia\",\"url\":\"https:\/\/news.vibia.com\/plusminus\/\",\"logo\":{\"@type\":\"ImageObject\",\"inLanguage\":\"es\",\"@id\":\"https:\/\/news.vibia.com\/plusminus\/#\/schema\/logo\/image\/\",\"url\":\"https:\/\/news.vibia.com\/plusminus\/wp-content\/uploads\/2021\/12\/logo.png\",\"contentUrl\":\"https:\/\/news.vibia.com\/plusminus\/wp-content\/uploads\/2021\/12\/logo.png\",\"width\":320,\"height\":92,\"caption\":\"Vibia\"},\"image\":{\"@id\":\"https:\/\/news.vibia.com\/plusminus\/#\/schema\/logo\/image\/\"},\"sameAs\":[\"https:\/\/www.facebook.com\/vibia.light\",\"https:\/\/twitter.com\/vibialight\",\"https:\/\/www.instagram.com\/vibialight\/\",\"https:\/\/www.linkedin.com\/company\/vibia-lighting\/\",\"https:\/\/www.pinterest.es\/vibialight\/\"]}]}<\/script>\n<!-- \/ Yoast SEO plugin. -->","yoast_head_json":{"title":"Vibia | Plusminus","description":"Plusminus ist sowohl essentiell als auch avantgardistisch. Es ist ein vielseitiges Beleuchtungssystem, dessen leitf\u00e4higes Textilband die freie Anbringung diverser Leuchten sowie die intuitive Gestaltung einzigartiger Beleuchtungsl\u00f6sungen erm\u00f6glicht.","robots":{"index":"index","follow":"follow","max-snippet":"max-snippet:-1","max-image-preview":"max-image-preview:large","max-video-preview":"max-video-preview:-1"},"canonical":"https:\/\/news.vibia.com\/plusminus\/de\/int\/","og_locale":"es_ES","og_type":"article","og_title":"Vibia | Plusminus","og_description":"Plusminus ist sowohl essentiell als auch avantgardistisch. Es ist ein vielseitiges Beleuchtungssystem, dessen leitf\u00e4higes Textilband die freie Anbringung diverser Leuchten sowie die intuitive Gestaltung einzigartiger Beleuchtungsl\u00f6sungen erm\u00f6glicht.","og_url":"https:\/\/news.vibia.com\/plusminus\/de\/int\/","og_site_name":"Vibia | Plusminus","article_publisher":"https:\/\/www.facebook.com\/vibia.light","article_modified_time":"2022-03-25T15:03:57+00:00","twitter_card":"summary_large_image","twitter_site":"@vibialight","schema":{"@context":"https:\/\/schema.org","@graph":[{"@type":"WebPage","@id":"https:\/\/news.vibia.com\/plusminus\/de\/int\/","url":"https:\/\/news.vibia.com\/plusminus\/de\/int\/","name":"Vibia | Plusminus","isPartOf":{"@id":"https:\/\/news.vibia.com\/plusminus\/#website"},"datePublished":"2022-01-14T05:41:50+00:00","dateModified":"2022-03-25T15:03:57+00:00","description":"Plusminus ist sowohl essentiell als auch avantgardistisch. Es ist ein vielseitiges Beleuchtungssystem, dessen leitf\u00e4higes Textilband die freie Anbringung diverser Leuchten sowie die intuitive Gestaltung einzigartiger Beleuchtungsl\u00f6sungen erm\u00f6glicht.","breadcrumb":{"@id":"https:\/\/news.vibia.com\/plusminus\/de\/int\/#breadcrumb"},"inLanguage":"es","potentialAction":[{"@type":"ReadAction","target":["https:\/\/news.vibia.com\/plusminus\/de\/int\/"]}]},{"@type":"BreadcrumbList","@id":"https:\/\/news.vibia.com\/plusminus\/de\/int\/#breadcrumb","itemListElement":[{"@type":"ListItem","position":1,"name":"Portada","item":"https:\/\/news.vibia.com\/plusminus\/"},{"@type":"ListItem","position":2,"name":"Home"}]},{"@type":"WebSite","@id":"https:\/\/news.vibia.com\/plusminus\/#website","url":"https:\/\/news.vibia.com\/plusminus\/","name":"Vibia | Plusminus","description":"Design Beyond Light","publisher":{"@id":"https:\/\/news.vibia.com\/plusminus\/#organization"},"potentialAction":[{"@type":"SearchAction","target":{"@type":"EntryPoint","urlTemplate":"https:\/\/news.vibia.com\/plusminus\/?s={search_term_string}"},"query-input":"required name=search_term_string"}],"inLanguage":"es"},{"@type":"Organization","@id":"https:\/\/news.vibia.com\/plusminus\/#organization","name":"Vibia","url":"https:\/\/news.vibia.com\/plusminus\/","logo":{"@type":"ImageObject","inLanguage":"es","@id":"https:\/\/news.vibia.com\/plusminus\/#\/schema\/logo\/image\/","url":"https:\/\/news.vibia.com\/plusminus\/wp-content\/uploads\/2021\/12\/logo.png","contentUrl":"https:\/\/news.vibia.com\/plusminus\/wp-content\/uploads\/2021\/12\/logo.png","width":320,"height":92,"caption":"Vibia"},"image":{"@id":"https:\/\/news.vibia.com\/plusminus\/#\/schema\/logo\/image\/"},"sameAs":["https:\/\/www.facebook.com\/vibia.light","https:\/\/twitter.com\/vibialight","https:\/\/www.instagram.com\/vibialight\/","https:\/\/www.linkedin.com\/company\/vibia-lighting\/","https:\/\/www.pinterest.es\/vibialight\/"]}]}},"_links":{"self":[{"href":"https:\/\/news.vibia.com\/plusminus\/wp-json\/wp\/v2\/pages\/66"}],"collection":[{"href":"https:\/\/news.vibia.com\/plusminus\/wp-json\/wp\/v2\/pages"}],"about":[{"href":"https:\/\/news.vibia.com\/plusminus\/wp-json\/wp\/v2\/types\/page"}],"author":[{"embeddable":true,"href":"https:\/\/news.vibia.com\/plusminus\/wp-json\/wp\/v2\/users\/4"}],"replies":[{"embeddable":true,"href":"https:\/\/news.vibia.com\/plusminus\/wp-json\/wp\/v2\/comments?post=66"}],"version-history":[{"count":3,"href":"https:\/\/news.vibia.com\/plusminus\/wp-json\/wp\/v2\/pages\/66\/revisions"}],"predecessor-version":[{"id":83,"href":"https:\/\/news.vibia.com\/plusminus\/wp-json\/wp\/v2\/pages\/66\/revisions\/83"}],"wp:attachment":[{"href":"https:\/\/news.vibia.com\/plusminus\/wp-json\/wp\/v2\/media?parent=66"}],"curies":[{"name":"wp","href":"https:\/\/api.w.org\/{rel}","templated":true}]}}